{"id":17,"date":"2025-11-18T12:55:14","date_gmt":"2025-11-18T12:55:14","guid":{"rendered":"https:\/\/hurdakagitdonusum.com\/?page_id=17"},"modified":"2025-11-29T19:57:34","modified_gmt":"2025-11-29T19:57:34","slug":"iletisim","status":"publish","type":"page","link":"https:\/\/hurdakagitdonusum.com\/?page_id=17","title":{"rendered":"\u0130LET\u0130\u015e\u0130M"},"content":{"rendered":"\n<p>Aykut G\u00fclbeyaz<\/p>\n\n\n\n<p>tel=0531 455 10 66<\/p>\n\n\n\n<p>AVCILAR\/\u0130STANBUL<\/p>\n\n\n\n<p>EMA\u0130L=<a href=\"https:\/\/yarengeridonusum.com\/aykutglbyz66@gmail.com\">aykutglbyz66@gmail.com<\/a><\/p>\n\n\n\n<p>ADRES=<a href=\"https:\/\/www.google.com\/maps\/place\/\/data=!4m2!3m1!1s0x14b55953de193d63:0x2fa062d705520760?sa=X&amp;ved=1t:8290&amp;hl=tr&amp;ictx=111\">YE\u015e\u0130LBAYIR Mah. MERKEZ YE\u015e\u0130LBAYIR Mah. HACEGAN SK. NO 45\/4, \u015eANT\u0130YE 0 Hacegan Sk 45\/4, 34490 Arnavutk\u00f6y\/\u0130stanbul<\/a><\/p>\n\n\n\n<p><\/p>\n\n\n<p><iframe src=\"https:\/\/www.google.com\/maps\/embed?pb=!1m14!1m12!1m3!1d96173.34330770008!2d28.540869868518147!3d41.125422444025794!2m3!1f0!2f0!3f0!3m2!1i1024!2i768!4f13.1!5e0!3m2!1str!2str!4v1763486737822!5m2!1str!2str\" width=\"320\" height=\"450\" style=\"border:0;\" allowfullscreen=\"\" loading=\"lazy\" referrerpolicy=\"no-referrer-when-downgrade\"><\/iframe><\/p>","protected":false},"excerpt":{"rendered":"<p>Aykut G\u00fclbeyaz tel=0531 455 10 66 AVCILAR\/\u0130STANBUL EMA\u0130L=aykutglbyz66@gmail.com ADRES=YE\u015e\u0130LBAYIR Mah. MERKEZ YE\u015e\u0130LBAYIR Mah. HACEGAN SK. NO 45\/4, \u015eANT\u0130YE 0 Hacegan Sk 45\/4, 34490 Arnavutk\u00f6y\/\u0130stanbul<\/p>\n","protected":false},"author":1,"featured_media":0,"parent":0,"menu_order":0,"comment_status":"closed","ping_status":"closed","template":"","meta":{"footnotes":""},"class_list":["post-17","page","type-page","status-publish","hentry"],"_links":{"self":[{"href":"https:\/\/hurdakagitdonusum.com\/index.php?rest_route=\/wp\/v2\/pages\/17","targetHints":{"allow":["GET"]}}],"collection":[{"href":"https:\/\/hurdakagitdonusum.com\/index.php?rest_route=\/wp\/v2\/pages"}],"about":[{"href":"https:\/\/hurdakagitdonusum.com\/index.php?rest_route=\/wp\/v2\/types\/page"}],"author":[{"embeddable":true,"href":"https:\/\/hurdakagitdonusum.com\/index.php?rest_route=\/wp\/v2\/users\/1"}],"replies":[{"embeddable":true,"href":"https:\/\/hurdakagitdonusum.com\/index.php?rest_route=%2Fwp%2Fv2%2Fcomments&post=17"}],"version-history":[{"count":4,"href":"https:\/\/hurdakagitdonusum.com\/index.php?rest_route=\/wp\/v2\/pages\/17\/revisions"}],"predecessor-version":[{"id":412,"href":"https:\/\/hurdakagitdonusum.com\/index.php?rest_route=\/wp\/v2\/pages\/17\/revisions\/412"}],"wp:attachment":[{"href":"https:\/\/hurdakagitdonusum.com\/index.php?rest_route=%2Fwp%2Fv2%2Fmedia&parent=17"}],"curies":[{"name":"wp","href":"https:\/\/api.w.org\/{rel}","templated":true}]}}