{"id":40,"date":"2025-11-18T17:36:54","date_gmt":"2025-11-18T17:36:54","guid":{"rendered":"https:\/\/hurdakagitdonusum.com\/?page_id=40"},"modified":"2025-11-18T17:36:54","modified_gmt":"2025-11-18T17:36:54","slug":"hakkimizda","status":"publish","type":"page","link":"https:\/\/hurdakagitdonusum.com\/?page_id=40","title":{"rendered":"Hakk\u0131m\u0131zda"},"content":{"rendered":"\n<p>Biz, \u00e7evreye ve gelece\u011fe de\u011fer veren bir yakla\u015f\u0131m ile faaliyet g\u00f6steriyoruz. Hurdaka\u011f\u0131t d\u00f6n\u00fc\u015f\u00fcm\u00fc konusunda uzun y\u0131llara dayanan tecr\u00fcbemizle, at\u0131k ka\u011f\u0131tlar\u0131 do\u011fru \u015fekilde toplay\u0131p ayr\u0131\u015ft\u0131r\u0131yor ve ekonomiye kazand\u0131r\u0131yoruz. Amac\u0131m\u0131z sadece geri d\u00f6n\u00fc\u015f\u00fcm yapmak de\u011fil; do\u011fal kaynaklar\u0131 koruyarak s\u00fcrd\u00fcr\u00fclebilir bir \u00e7evre olu\u015fturmak ve i\u015fletmelere pratik \u00e7\u00f6z\u00fcmler sunmakt\u0131r.<\/p>\n\n\n\n<p>M\u00fc\u015fteri memnuniyeti ve \u00e7evre bilinci bizim i\u00e7in \u00f6nceliklidir. Modern tesislerimiz ve deneyimli ekibimizle, hurdaka\u011f\u0131t d\u00f6n\u00fc\u015f\u00fcm\u00fcn\u00fc hem verimli hem de g\u00fcvenilir bir \u015fekilde y\u00fcr\u00fct\u00fcyoruz. Her ad\u0131mda \u015feffaf ve profesyonel bir hizmet anlay\u0131\u015f\u0131 ile \u00e7al\u0131\u015f\u0131yor, do\u011faya ve topluma katk\u0131 sa\u011fl\u0131yoruz.<\/p>\n","protected":false},"excerpt":{"rendered":"<p>Biz, \u00e7evreye ve gelece\u011fe de\u011fer veren bir yakla\u015f\u0131m ile faaliyet g\u00f6steriyoruz. Hurdaka\u011f\u0131t d\u00f6n\u00fc\u015f\u00fcm\u00fc konusunda uzun y\u0131llara dayanan tecr\u00fcbemizle, at\u0131k ka\u011f\u0131tlar\u0131 do\u011fru \u015fekilde toplay\u0131p ayr\u0131\u015ft\u0131r\u0131yor ve ekonomiye kazand\u0131r\u0131yoruz. Amac\u0131m\u0131z sadece geri d\u00f6n\u00fc\u015f\u00fcm yapmak de\u011fil; do\u011fal kaynaklar\u0131 koruyarak s\u00fcrd\u00fcr\u00fclebilir bir \u00e7evre olu\u015fturmak ve i\u015fletmelere pratik \u00e7\u00f6z\u00fcmler sunmakt\u0131r. M\u00fc\u015fteri memnuniyeti ve \u00e7evre bilinci bizim i\u00e7in \u00f6nceliklidir. Modern tesislerimiz&#8230; <\/p>\n","protected":false},"author":1,"featured_media":0,"parent":0,"menu_order":0,"comment_status":"closed","ping_status":"closed","template":"","meta":{"footnotes":""},"class_list":["post-40","page","type-page","status-publish","hentry"],"_links":{"self":[{"href":"https:\/\/hurdakagitdonusum.com\/index.php?rest_route=\/wp\/v2\/pages\/40","targetHints":{"allow":["GET"]}}],"collection":[{"href":"https:\/\/hurdakagitdonusum.com\/index.php?rest_route=\/wp\/v2\/pages"}],"about":[{"href":"https:\/\/hurdakagitdonusum.com\/index.php?rest_route=\/wp\/v2\/types\/page"}],"author":[{"embeddable":true,"href":"https:\/\/hurdakagitdonusum.com\/index.php?rest_route=\/wp\/v2\/users\/1"}],"replies":[{"embeddable":true,"href":"https:\/\/hurdakagitdonusum.com\/index.php?rest_route=%2Fwp%2Fv2%2Fcomments&post=40"}],"version-history":[{"count":1,"href":"https:\/\/hurdakagitdonusum.com\/index.php?rest_route=\/wp\/v2\/pages\/40\/revisions"}],"predecessor-version":[{"id":41,"href":"https:\/\/hurdakagitdonusum.com\/index.php?rest_route=\/wp\/v2\/pages\/40\/revisions\/41"}],"wp:attachment":[{"href":"https:\/\/hurdakagitdonusum.com\/index.php?rest_route=%2Fwp%2Fv2%2Fmedia&parent=40"}],"curies":[{"name":"wp","href":"https:\/\/api.w.org\/{rel}","templated":true}]}}