{"id":46,"date":"2025-11-19T14:10:27","date_gmt":"2025-11-19T14:10:27","guid":{"rendered":"https:\/\/hurdakagitdonusum.com\/?page_id=46"},"modified":"2025-11-19T14:10:27","modified_gmt":"2025-11-19T14:10:27","slug":"ofis-kagidi-evrak-imhasi","status":"publish","type":"page","link":"https:\/\/hurdakagitdonusum.com\/?page_id=46","title":{"rendered":"Ofis Ka\u011f\u0131d\u0131 &amp; Evrak \u0130mhas\u0131"},"content":{"rendered":"\n<figure class=\"wp-block-image size-full\"><img loading=\"lazy\" decoding=\"async\" width=\"250\" height=\"250\" src=\"https:\/\/hurdakagitdonusum.com\/wp-content\/uploads\/2025\/11\/hurdakagitdonusum6.jpg\" alt=\"\" class=\"wp-image-47\" srcset=\"https:\/\/hurdakagitdonusum.com\/wp-content\/uploads\/2025\/11\/hurdakagitdonusum6.jpg 250w, https:\/\/hurdakagitdonusum.com\/wp-content\/uploads\/2025\/11\/hurdakagitdonusum6-150x150.jpg 150w\" sizes=\"auto, (max-width: 250px) 100vw, 250px\" \/><\/figure>\n\n\n\n<p>Ofislerde biriken eski evraklar, g\u00fcvenli \u015fekilde ayr\u0131\u015ft\u0131r\u0131l\u0131p geri d\u00f6n\u00fc\u015ft\u00fcr\u00fclmelidir. \u015eirketler i\u00e7in gizlilik \u00f6nemlidir; evraklar kontroll\u00fc olarak imha edilir ve ka\u011f\u0131t olarak tekrar sisteme kazand\u0131r\u0131l\u0131r. Bu s\u00fcre\u00e7 hem \u00e7al\u0131\u015fma alan\u0131n\u0131 ferahlat\u0131r hem de ekonomik geri d\u00f6n\u00fc\u015f sa\u011flar. D\u00fczenli imha ve toplama, kurumsal yap\u0131ya d\u00fczen katar.<\/p>\n","protected":false},"excerpt":{"rendered":"<p>Ofislerde biriken eski evraklar, g\u00fcvenli \u015fekilde ayr\u0131\u015ft\u0131r\u0131l\u0131p geri d\u00f6n\u00fc\u015ft\u00fcr\u00fclmelidir. \u015eirketler i\u00e7in gizlilik \u00f6nemlidir; evraklar kontroll\u00fc olarak imha edilir ve ka\u011f\u0131t olarak tekrar sisteme kazand\u0131r\u0131l\u0131r. Bu s\u00fcre\u00e7 hem \u00e7al\u0131\u015fma alan\u0131n\u0131 ferahlat\u0131r hem de ekonomik geri d\u00f6n\u00fc\u015f sa\u011flar. D\u00fczenli imha ve toplama, kurumsal yap\u0131ya d\u00fczen katar.<\/p>\n","protected":false},"author":1,"featured_media":0,"parent":0,"menu_order":0,"comment_status":"closed","ping_status":"closed","template":"","meta":{"footnotes":""},"class_list":["post-46","page","type-page","status-publish","hentry"],"_links":{"self":[{"href":"https:\/\/hurdakagitdonusum.com\/index.php?rest_route=\/wp\/v2\/pages\/46","targetHints":{"allow":["GET"]}}],"collection":[{"href":"https:\/\/hurdakagitdonusum.com\/index.php?rest_route=\/wp\/v2\/pages"}],"about":[{"href":"https:\/\/hurdakagitdonusum.com\/index.php?rest_route=\/wp\/v2\/types\/page"}],"author":[{"embeddable":true,"href":"https:\/\/hurdakagitdonusum.com\/index.php?rest_route=\/wp\/v2\/users\/1"}],"replies":[{"embeddable":true,"href":"https:\/\/hurdakagitdonusum.com\/index.php?rest_route=%2Fwp%2Fv2%2Fcomments&post=46"}],"version-history":[{"count":1,"href":"https:\/\/hurdakagitdonusum.com\/index.php?rest_route=\/wp\/v2\/pages\/46\/revisions"}],"predecessor-version":[{"id":48,"href":"https:\/\/hurdakagitdonusum.com\/index.php?rest_route=\/wp\/v2\/pages\/46\/revisions\/48"}],"wp:attachment":[{"href":"https:\/\/hurdakagitdonusum.com\/index.php?rest_route=%2Fwp%2Fv2%2Fmedia&parent=46"}],"curies":[{"name":"wp","href":"https:\/\/api.w.org\/{rel}","templated":true}]}}